{"id":2961,"date":"2025-05-30T00:53:37","date_gmt":"2025-05-30T00:53:37","guid":{"rendered":"https:\/\/maim.mx\/blog\/?page_id=2961"},"modified":"2026-02-13T23:01:05","modified_gmt":"2026-02-13T23:01:05","slug":"blog","status":"publish","type":"page","link":"https:\/\/maim.mx\/blog\/","title":{"rendered":"Blog"},"content":{"rendered":"\t\t<div data-elementor-type=\"wp-page\" data-elementor-id=\"2961\" class=\"elementor elementor-2961\" data-elementor-post-type=\"page\">\n\t\t\t\t\t\t<section class=\"elementor-section elementor-top-section elementor-element elementor-element-59457ef elementor-section-boxed elementor-section-height-default elementor-section-height-default\" data-id=\"59457ef\" data-element_type=\"section\" data-e-type=\"section\">\n\t\t\t\t\t\t<div class=\"elementor-container elementor-column-gap-default\">\n\t\t\t\t\t<div class=\"elementor-column elementor-col-50 elementor-top-column elementor-element elementor-element-5904ba3\" data-id=\"5904ba3\" data-element_type=\"column\" data-e-type=\"column\">\n\t\t\t<div class=\"elementor-widget-wrap elementor-element-populated\">\n\t\t\t\t\t\t<div class=\"elementor-element elementor-element-a0ad3a8 elementor-widget elementor-widget-heading\" data-id=\"a0ad3a8\" data-element_type=\"widget\" data-e-type=\"widget\" data-widget_type=\"heading.default\">\n\t\t\t\t<div class=\"elementor-widget-container\">\n\t\t\t\t\t<h1 class=\"elementor-heading-title elementor-size-default\">Blog<\/h1>\t\t\t\t<\/div>\n\t\t\t\t<\/div>\n\t\t\t\t<div class=\"elementor-element elementor-element-4c4563d elementor-grid-2 elementor-grid-tablet-2 elementor-grid-mobile-1 elementor-posts--thumbnail-top elementor-widget elementor-widget-posts\" data-id=\"4c4563d\" data-element_type=\"widget\" data-e-type=\"widget\" data-settings=\"{&quot;classic_columns&quot;:&quot;2&quot;,&quot;classic_masonry&quot;:&quot;yes&quot;,&quot;classic_row_gap&quot;:{&quot;unit&quot;:&quot;px&quot;,&quot;size&quot;:45,&quot;sizes&quot;:[]},&quot;pagination_type&quot;:&quot;numbers&quot;,&quot;classic_columns_tablet&quot;:&quot;2&quot;,&quot;classic_columns_mobile&quot;:&quot;1&quot;,&quot;classic_row_gap_tablet&quot;:{&quot;unit&quot;:&quot;px&quot;,&quot;size&quot;:&quot;&quot;,&quot;sizes&quot;:[]},&quot;classic_row_gap_mobile&quot;:{&quot;unit&quot;:&quot;px&quot;,&quot;size&quot;:&quot;&quot;,&quot;sizes&quot;:[]}}\" data-widget_type=\"posts.classic\">\n\t\t\t\t<div class=\"elementor-widget-container\">\n\t\t\t\t\t\t\t<div class=\"elementor-posts-container elementor-posts elementor-posts--skin-classic elementor-grid\">\n\t\t\t\t<article class=\"elementor-post elementor-grid-item post-3292 post type-post status-publish format-standard has-post-thumbnail hentry category-blog\">\n\t\t\t\t<a class=\"elementor-post__thumbnail__link\" href=\"https:\/\/maim.mx\/blog\/purificadores-de-agua-para-casa-en-queretaro-aliados-contra-el-sarro\/\">\n\t\t\t<div class=\"elementor-post__thumbnail\"><img fetchpriority=\"high\" decoding=\"async\" width=\"1080\" height=\"1350\" src=\"https:\/\/maim.mx\/blog\/wp-content\/uploads\/2026\/04\/Purificadores-de-agua-para-casa-en-Quere\u0301taro-Aliados-contra-el-sarro.jpg\" class=\"attachment-full size-full wp-image-3304\" alt=\"Purificadores de agua para casa en Quer\u00e9taro\" srcset=\"https:\/\/maim.mx\/blog\/wp-content\/uploads\/2026\/04\/Purificadores-de-agua-para-casa-en-Quere\u0301taro-Aliados-contra-el-sarro.jpg 1080w, https:\/\/maim.mx\/blog\/wp-content\/uploads\/2026\/04\/Purificadores-de-agua-para-casa-en-Quere\u0301taro-Aliados-contra-el-sarro-240x300.jpg 240w, https:\/\/maim.mx\/blog\/wp-content\/uploads\/2026\/04\/Purificadores-de-agua-para-casa-en-Quere\u0301taro-Aliados-contra-el-sarro-819x1024.jpg 819w, https:\/\/maim.mx\/blog\/wp-content\/uploads\/2026\/04\/Purificadores-de-agua-para-casa-en-Quere\u0301taro-Aliados-contra-el-sarro-768x960.jpg 768w\" sizes=\"(max-width: 1080px) 100vw, 1080px\" \/><\/div>\n\t\t<\/a>\n\t\t\t\t<div class=\"elementor-post__text\">\n\t\t\t\t<h3 class=\"elementor-post__title\">\n\t\t\t<a href=\"https:\/\/maim.mx\/blog\/purificadores-de-agua-para-casa-en-queretaro-aliados-contra-el-sarro\/\">\n\t\t\t\tPurificadores de agua para casa en Quer\u00e9taro: Aliados contra el sarro\t\t\t<\/a>\n\t\t<\/h3>\n\t\t\t\t<div class=\"elementor-post__meta-data\">\n\t\t\t\t\t<span class=\"elementor-post-date\">\n\t\t\t20 abril, 2026\t\t<\/span>\n\t\t\t\t<\/div>\n\t\t\t\t<div class=\"elementor-post__excerpt\">\n\t\t\t<p>Al tener inter\u00e9s en purificadores de agua para casa en Quer\u00e9taro, la decisi\u00f3n inteligente es optar por una tecnolog\u00eda que<\/p>\n\t\t<\/div>\n\t\t\n\t\t<a class=\"elementor-post__read-more\" href=\"https:\/\/maim.mx\/blog\/purificadores-de-agua-para-casa-en-queretaro-aliados-contra-el-sarro\/\" aria-label=\"Read more about Purificadores de agua para casa en Quer\u00e9taro: Aliados contra el sarro\">\n\t\t\tLeer m\u00e1s \u00bb\t\t<\/a>\n\n\t\t\t\t<\/div>\n\t\t\t\t<\/article>\n\t\t\t\t<article class=\"elementor-post elementor-grid-item post-3291 post type-post status-publish format-standard has-post-thumbnail hentry category-blog\">\n\t\t\t\t<a class=\"elementor-post__thumbnail__link\" href=\"https:\/\/maim.mx\/blog\/que-purificador-de-agua-es-mas-recomendable-para-optimizar-el-metabolismo\/\">\n\t\t\t<div class=\"elementor-post__thumbnail\"><img decoding=\"async\" width=\"1080\" height=\"1350\" src=\"https:\/\/maim.mx\/blog\/wp-content\/uploads\/2026\/04\/\u00bfQue\u0301-purificador-de-agua-es-ma\u0301s-recomendable-para-optimizar-el-metabolismo_.jpg\" class=\"attachment-full size-full wp-image-3299\" alt=\"Purificadores de agua\" srcset=\"https:\/\/maim.mx\/blog\/wp-content\/uploads\/2026\/04\/\u00bfQue\u0301-purificador-de-agua-es-ma\u0301s-recomendable-para-optimizar-el-metabolismo_.jpg 1080w, https:\/\/maim.mx\/blog\/wp-content\/uploads\/2026\/04\/\u00bfQue\u0301-purificador-de-agua-es-ma\u0301s-recomendable-para-optimizar-el-metabolismo_-240x300.jpg 240w, https:\/\/maim.mx\/blog\/wp-content\/uploads\/2026\/04\/\u00bfQue\u0301-purificador-de-agua-es-ma\u0301s-recomendable-para-optimizar-el-metabolismo_-819x1024.jpg 819w, https:\/\/maim.mx\/blog\/wp-content\/uploads\/2026\/04\/\u00bfQue\u0301-purificador-de-agua-es-ma\u0301s-recomendable-para-optimizar-el-metabolismo_-768x960.jpg 768w\" sizes=\"(max-width: 1080px) 100vw, 1080px\" \/><\/div>\n\t\t<\/a>\n\t\t\t\t<div class=\"elementor-post__text\">\n\t\t\t\t<h3 class=\"elementor-post__title\">\n\t\t\t<a href=\"https:\/\/maim.mx\/blog\/que-purificador-de-agua-es-mas-recomendable-para-optimizar-el-metabolismo\/\">\n\t\t\t\t\u00bfQu\u00e9 purificador de agua es m\u00e1s recomendable para optimizar el metabolismo?\t\t\t<\/a>\n\t\t<\/h3>\n\t\t\t\t<div class=\"elementor-post__meta-data\">\n\t\t\t\t\t<span class=\"elementor-post-date\">\n\t\t\t13 abril, 2026\t\t<\/span>\n\t\t\t\t<\/div>\n\t\t\t\t<div class=\"elementor-post__excerpt\">\n\t\t\t<p>Com\u00fanmente, al invertir en gimnasios y suplementos, se suele dejar de lado el veh\u00edculo principal de todos nuestros procesos esenciales,<\/p>\n\t\t<\/div>\n\t\t\n\t\t<a class=\"elementor-post__read-more\" href=\"https:\/\/maim.mx\/blog\/que-purificador-de-agua-es-mas-recomendable-para-optimizar-el-metabolismo\/\" aria-label=\"Read more about \u00bfQu\u00e9 purificador de agua es m\u00e1s recomendable para optimizar el metabolismo?\">\n\t\t\tLeer m\u00e1s \u00bb\t\t<\/a>\n\n\t\t\t\t<\/div>\n\t\t\t\t<\/article>\n\t\t\t\t<article class=\"elementor-post elementor-grid-item post-3290 post type-post status-publish format-standard has-post-thumbnail hentry category-blog\">\n\t\t\t\t<a class=\"elementor-post__thumbnail__link\" href=\"https:\/\/maim.mx\/blog\/beneficios-reales-para-la-salud-con-purificadores-de-agua-para-casa\/\">\n\t\t\t<div class=\"elementor-post__thumbnail\"><img decoding=\"async\" width=\"1080\" height=\"1350\" src=\"https:\/\/maim.mx\/blog\/wp-content\/uploads\/2026\/04\/Beneficios-reales-para-la-salud-con-purificadores-de-agua-para-casa.jpg\" class=\"attachment-full size-full wp-image-3295\" alt=\"Purificadores de agua para casa\" srcset=\"https:\/\/maim.mx\/blog\/wp-content\/uploads\/2026\/04\/Beneficios-reales-para-la-salud-con-purificadores-de-agua-para-casa.jpg 1080w, https:\/\/maim.mx\/blog\/wp-content\/uploads\/2026\/04\/Beneficios-reales-para-la-salud-con-purificadores-de-agua-para-casa-240x300.jpg 240w, https:\/\/maim.mx\/blog\/wp-content\/uploads\/2026\/04\/Beneficios-reales-para-la-salud-con-purificadores-de-agua-para-casa-819x1024.jpg 819w, https:\/\/maim.mx\/blog\/wp-content\/uploads\/2026\/04\/Beneficios-reales-para-la-salud-con-purificadores-de-agua-para-casa-768x960.jpg 768w\" sizes=\"(max-width: 1080px) 100vw, 1080px\" \/><\/div>\n\t\t<\/a>\n\t\t\t\t<div class=\"elementor-post__text\">\n\t\t\t\t<h3 class=\"elementor-post__title\">\n\t\t\t<a href=\"https:\/\/maim.mx\/blog\/beneficios-reales-para-la-salud-con-purificadores-de-agua-para-casa\/\">\n\t\t\t\tBeneficios reales para la salud con purificadores de agua para casa\t\t\t<\/a>\n\t\t<\/h3>\n\t\t\t\t<div class=\"elementor-post__meta-data\">\n\t\t\t\t\t<span class=\"elementor-post-date\">\n\t\t\t6 abril, 2026\t\t<\/span>\n\t\t\t\t<\/div>\n\t\t\t\t<div class=\"elementor-post__excerpt\">\n\t\t\t<p>Al buscar una alternativa para mejorar nuestra composici\u00f3n corporal, tendemos a enfocarnos en dietas restrictivas y rutinas de ejercicio que<\/p>\n\t\t<\/div>\n\t\t\n\t\t<a class=\"elementor-post__read-more\" href=\"https:\/\/maim.mx\/blog\/beneficios-reales-para-la-salud-con-purificadores-de-agua-para-casa\/\" aria-label=\"Read more about Beneficios reales para la salud con purificadores de agua para casa\">\n\t\t\tLeer m\u00e1s \u00bb\t\t<\/a>\n\n\t\t\t\t<\/div>\n\t\t\t\t<\/article>\n\t\t\t\t<article class=\"elementor-post elementor-grid-item post-3268 post type-post status-publish format-standard has-post-thumbnail hentry category-blog\">\n\t\t\t\t<a class=\"elementor-post__thumbnail__link\" href=\"https:\/\/maim.mx\/blog\/purificadores-de-agua-una-guia-para-elegir-el-ideal\/\">\n\t\t\t<div class=\"elementor-post__thumbnail\"><img loading=\"lazy\" decoding=\"async\" width=\"1080\" height=\"1350\" src=\"https:\/\/maim.mx\/blog\/wp-content\/uploads\/2026\/02\/Purificadores-de-agua-una-gui\u0301a-para-elegir-el-ideal.jpg\" class=\"attachment-full size-full wp-image-3281\" alt=\"purificadores de agua\" srcset=\"https:\/\/maim.mx\/blog\/wp-content\/uploads\/2026\/02\/Purificadores-de-agua-una-gui\u0301a-para-elegir-el-ideal.jpg 1080w, https:\/\/maim.mx\/blog\/wp-content\/uploads\/2026\/02\/Purificadores-de-agua-una-gui\u0301a-para-elegir-el-ideal-240x300.jpg 240w, https:\/\/maim.mx\/blog\/wp-content\/uploads\/2026\/02\/Purificadores-de-agua-una-gui\u0301a-para-elegir-el-ideal-819x1024.jpg 819w, https:\/\/maim.mx\/blog\/wp-content\/uploads\/2026\/02\/Purificadores-de-agua-una-gui\u0301a-para-elegir-el-ideal-768x960.jpg 768w\" sizes=\"(max-width: 1080px) 100vw, 1080px\" \/><\/div>\n\t\t<\/a>\n\t\t\t\t<div class=\"elementor-post__text\">\n\t\t\t\t<h3 class=\"elementor-post__title\">\n\t\t\t<a href=\"https:\/\/maim.mx\/blog\/purificadores-de-agua-una-guia-para-elegir-el-ideal\/\">\n\t\t\t\tPurificadores de agua: una gu\u00eda para elegir el ideal\t\t\t<\/a>\n\t\t<\/h3>\n\t\t\t\t<div class=\"elementor-post__meta-data\">\n\t\t\t\t\t<span class=\"elementor-post-date\">\n\t\t\t11 marzo, 2026\t\t<\/span>\n\t\t\t\t<\/div>\n\t\t\t\t<div class=\"elementor-post__excerpt\">\n\t\t\t<p>Los purificadores de agua MA\u00cfM son una soluci\u00f3n esencial para quienes buscan mejorar la calidad del agua que consumen a<\/p>\n\t\t<\/div>\n\t\t\n\t\t<a class=\"elementor-post__read-more\" href=\"https:\/\/maim.mx\/blog\/purificadores-de-agua-una-guia-para-elegir-el-ideal\/\" aria-label=\"Read more about Purificadores de agua: una gu\u00eda para elegir el ideal\">\n\t\t\tLeer m\u00e1s \u00bb\t\t<\/a>\n\n\t\t\t\t<\/div>\n\t\t\t\t<\/article>\n\t\t\t\t<article class=\"elementor-post elementor-grid-item post-3267 post type-post status-publish format-standard has-post-thumbnail hentry category-blog\">\n\t\t\t\t<a class=\"elementor-post__thumbnail__link\" href=\"https:\/\/maim.mx\/blog\/purificadores-de-agua-para-casa-mas-alla-de-la-tecnologia\/\">\n\t\t\t<div class=\"elementor-post__thumbnail\"><img loading=\"lazy\" decoding=\"async\" width=\"1080\" height=\"1350\" src=\"https:\/\/maim.mx\/blog\/wp-content\/uploads\/2026\/02\/Purificadores-de-agua-para-casa-ma\u0301s-alla\u0301-de-la-tecnologi\u0301a-3.jpg\" class=\"attachment-full size-full wp-image-3275\" alt=\"purificadores de agua para casa\" srcset=\"https:\/\/maim.mx\/blog\/wp-content\/uploads\/2026\/02\/Purificadores-de-agua-para-casa-ma\u0301s-alla\u0301-de-la-tecnologi\u0301a-3.jpg 1080w, https:\/\/maim.mx\/blog\/wp-content\/uploads\/2026\/02\/Purificadores-de-agua-para-casa-ma\u0301s-alla\u0301-de-la-tecnologi\u0301a-3-240x300.jpg 240w, https:\/\/maim.mx\/blog\/wp-content\/uploads\/2026\/02\/Purificadores-de-agua-para-casa-ma\u0301s-alla\u0301-de-la-tecnologi\u0301a-3-819x1024.jpg 819w, https:\/\/maim.mx\/blog\/wp-content\/uploads\/2026\/02\/Purificadores-de-agua-para-casa-ma\u0301s-alla\u0301-de-la-tecnologi\u0301a-3-768x960.jpg 768w\" sizes=\"(max-width: 1080px) 100vw, 1080px\" \/><\/div>\n\t\t<\/a>\n\t\t\t\t<div class=\"elementor-post__text\">\n\t\t\t\t<h3 class=\"elementor-post__title\">\n\t\t\t<a href=\"https:\/\/maim.mx\/blog\/purificadores-de-agua-para-casa-mas-alla-de-la-tecnologia\/\">\n\t\t\t\tPurificadores de agua para casa: m\u00e1s all\u00e1 de la tecnolog\u00eda\t\t\t<\/a>\n\t\t<\/h3>\n\t\t\t\t<div class=\"elementor-post__meta-data\">\n\t\t\t\t\t<span class=\"elementor-post-date\">\n\t\t\t4 marzo, 2026\t\t<\/span>\n\t\t\t\t<\/div>\n\t\t\t\t<div class=\"elementor-post__excerpt\">\n\t\t\t<p>Hablar de purificadores de agua para casa implica describir dispositivos o tecnolog\u00edas \u00fatiles; sin embargo, la purificaci\u00f3n del agua tambi\u00e9n<\/p>\n\t\t<\/div>\n\t\t\n\t\t<a class=\"elementor-post__read-more\" href=\"https:\/\/maim.mx\/blog\/purificadores-de-agua-para-casa-mas-alla-de-la-tecnologia\/\" aria-label=\"Read more about Purificadores de agua para casa: m\u00e1s all\u00e1 de la tecnolog\u00eda\">\n\t\t\tLeer m\u00e1s \u00bb\t\t<\/a>\n\n\t\t\t\t<\/div>\n\t\t\t\t<\/article>\n\t\t\t\t<article class=\"elementor-post elementor-grid-item post-3266 post type-post status-publish format-standard has-post-thumbnail hentry category-blog\">\n\t\t\t\t<a class=\"elementor-post__thumbnail__link\" href=\"https:\/\/maim.mx\/blog\/purificadores-de-agua-en-cdmx-lo-que-si-importa-cuando-eliges-como-beber-agua\/\">\n\t\t\t<div class=\"elementor-post__thumbnail\"><img loading=\"lazy\" decoding=\"async\" width=\"1080\" height=\"1350\" src=\"https:\/\/maim.mx\/blog\/wp-content\/uploads\/2026\/02\/Purificadores-de-agua-en-CDMX-lo-que-si\u0301-importa-cuando-eliges-co\u0301mo-beber-agua.jpg\" class=\"attachment-full size-full wp-image-3271\" alt=\"purificadores de agua en CDMX\" srcset=\"https:\/\/maim.mx\/blog\/wp-content\/uploads\/2026\/02\/Purificadores-de-agua-en-CDMX-lo-que-si\u0301-importa-cuando-eliges-co\u0301mo-beber-agua.jpg 1080w, https:\/\/maim.mx\/blog\/wp-content\/uploads\/2026\/02\/Purificadores-de-agua-en-CDMX-lo-que-si\u0301-importa-cuando-eliges-co\u0301mo-beber-agua-240x300.jpg 240w, https:\/\/maim.mx\/blog\/wp-content\/uploads\/2026\/02\/Purificadores-de-agua-en-CDMX-lo-que-si\u0301-importa-cuando-eliges-co\u0301mo-beber-agua-819x1024.jpg 819w, https:\/\/maim.mx\/blog\/wp-content\/uploads\/2026\/02\/Purificadores-de-agua-en-CDMX-lo-que-si\u0301-importa-cuando-eliges-co\u0301mo-beber-agua-768x960.jpg 768w\" sizes=\"(max-width: 1080px) 100vw, 1080px\" \/><\/div>\n\t\t<\/a>\n\t\t\t\t<div class=\"elementor-post__text\">\n\t\t\t\t<h3 class=\"elementor-post__title\">\n\t\t\t<a href=\"https:\/\/maim.mx\/blog\/purificadores-de-agua-en-cdmx-lo-que-si-importa-cuando-eliges-como-beber-agua\/\">\n\t\t\t\tPurificadores de agua en CDMX: lo que s\u00ed importa cuando eliges c\u00f3mo beber agua\t\t\t<\/a>\n\t\t<\/h3>\n\t\t\t\t<div class=\"elementor-post__meta-data\">\n\t\t\t\t\t<span class=\"elementor-post-date\">\n\t\t\t25 febrero, 2026\t\t<\/span>\n\t\t\t\t<\/div>\n\t\t\t\t<div class=\"elementor-post__excerpt\">\n\t\t\t<p>\u00bfAlguna vez te has preguntado si el agua que sale de la llave es realmente confiable en CDMX? Se trata<\/p>\n\t\t<\/div>\n\t\t\n\t\t<a class=\"elementor-post__read-more\" href=\"https:\/\/maim.mx\/blog\/purificadores-de-agua-en-cdmx-lo-que-si-importa-cuando-eliges-como-beber-agua\/\" aria-label=\"Read more about Purificadores de agua en CDMX: lo que s\u00ed importa cuando eliges c\u00f3mo beber agua\">\n\t\t\tLeer m\u00e1s \u00bb\t\t<\/a>\n\n\t\t\t\t<\/div>\n\t\t\t\t<\/article>\n\t\t\t\t<\/div>\n\t\t\n\t\t\t\t<div class=\"e-load-more-anchor\" data-page=\"1\" data-max-page=\"8\" data-next-page=\"https:\/\/maim.mx\/blog\/wp-json\/wp\/v2\/pages\/2961\/page\/2\/\"><\/div>\n\t\t\t\t<nav class=\"elementor-pagination\" aria-label=\"Pagination\">\n\t\t\t<span aria-current=\"page\" class=\"page-numbers current\"><span class=\"elementor-screen-only\">Page<\/span>1<\/span>\n<a class=\"page-numbers\" href=\"https:\/\/maim.mx\/blog\/wp-json\/wp\/v2\/pages\/2961\/page\/2\/\"><span class=\"elementor-screen-only\">Page<\/span>2<\/a>\n<a class=\"page-numbers\" href=\"https:\/\/maim.mx\/blog\/wp-json\/wp\/v2\/pages\/2961\/page\/3\/\"><span class=\"elementor-screen-only\">Page<\/span>3<\/a>\n<a class=\"page-numbers\" href=\"https:\/\/maim.mx\/blog\/wp-json\/wp\/v2\/pages\/2961\/page\/4\/\"><span class=\"elementor-screen-only\">Page<\/span>4<\/a>\n<a class=\"page-numbers\" href=\"https:\/\/maim.mx\/blog\/wp-json\/wp\/v2\/pages\/2961\/page\/5\/\"><span class=\"elementor-screen-only\">Page<\/span>5<\/a>\t\t<\/nav>\n\t\t\t\t\t\t<\/div>\n\t\t\t\t<\/div>\n\t\t\t\t\t<\/div>\n\t\t<\/div>\n\t\t\t\t<div class=\"elementor-column elementor-col-50 elementor-top-column elementor-element elementor-element-49af325\" data-id=\"49af325\" data-element_type=\"column\" data-e-type=\"column\" data-settings=\"{&quot;background_background&quot;:&quot;classic&quot;}\">\n\t\t\t<div class=\"elementor-widget-wrap elementor-element-populated\">\n\t\t\t\t\t\t<section class=\"elementor-section elementor-inner-section elementor-element elementor-element-a893953 elementor-section-boxed elementor-section-height-default elementor-section-height-default\" data-id=\"a893953\" data-element_type=\"section\" data-e-type=\"section\" data-settings=\"{&quot;sticky&quot;:&quot;top&quot;,&quot;sticky_parent&quot;:&quot;yes&quot;,&quot;sticky_on&quot;:[&quot;desktop&quot;,&quot;tablet&quot;,&quot;mobile&quot;],&quot;sticky_offset&quot;:0,&quot;sticky_effects_offset&quot;:0}\">\n\t\t\t\t\t\t<div class=\"elementor-container elementor-column-gap-default\">\n\t\t\t\t\t<div class=\"elementor-column elementor-col-100 elementor-inner-column elementor-element elementor-element-5e18df7\" data-id=\"5e18df7\" data-element_type=\"column\" data-e-type=\"column\">\n\t\t\t<div class=\"elementor-widget-wrap elementor-element-populated\">\n\t\t\t\t\t\t<div class=\"elementor-element elementor-element-a222b5e elementor-widget elementor-widget-text-editor\" data-id=\"a222b5e\" data-element_type=\"widget\" data-e-type=\"widget\" data-widget_type=\"text-editor.default\">\n\t\t\t\t<div class=\"elementor-widget-container\">\n\t\t\t\t\t\t\t\t\t\n<div class=\"wpcf7 no-js\" id=\"wpcf7-f2911-o1\" lang=\"es-MX\" dir=\"ltr\" data-wpcf7-id=\"2911\">\n<div class=\"screen-reader-response\"><p role=\"status\" aria-live=\"polite\" aria-atomic=\"true\"><\/p> <ul><\/ul><\/div>\n<form action=\"\/blog\/wp-json\/wp\/v2\/pages\/2961#wpcf7-f2911-o1\" method=\"post\" class=\"wpcf7-form init\" aria-label=\"Formulario de contacto\" novalidate=\"novalidate\" data-status=\"init\">\n<fieldset class=\"hidden-fields-container\"><input type=\"hidden\" name=\"_wpcf7\" value=\"2911\" \/><input type=\"hidden\" name=\"_wpcf7_version\" value=\"6.1.5\" \/><input type=\"hidden\" name=\"_wpcf7_locale\" value=\"es_MX\" \/><input type=\"hidden\" name=\"_wpcf7_unit_tag\" value=\"wpcf7-f2911-o1\" \/><input type=\"hidden\" name=\"_wpcf7_container_post\" value=\"0\" \/><input type=\"hidden\" name=\"_wpcf7_posted_data_hash\" value=\"\" \/>\n<\/fieldset>\n<p>Formulario\n<\/p>\n<p><label>Nombre<br \/>\n<span class=\"wpcf7-form-control-wrap\" data-name=\"your-name\"><input size=\"40\" maxlength=\"400\" class=\"wpcf7-form-control wpcf7-text wpcf7-validates-as-required\" autocomplete=\"name\" aria-required=\"true\" aria-invalid=\"false\" value=\"\" type=\"text\" name=\"your-name\" \/><\/span> <\/label>\n<\/p>\n<p><label>Email<br \/>\n<span class=\"wpcf7-form-control-wrap\" data-name=\"your-email\"><input size=\"40\" maxlength=\"400\" class=\"wpcf7-form-control wpcf7-email wpcf7-validates-as-required wpcf7-text wpcf7-validates-as-email\" autocomplete=\"email\" aria-required=\"true\" aria-invalid=\"false\" value=\"\" type=\"email\" name=\"your-email\" \/><\/span> <\/label>\n<\/p>\n<p>Tel\u00e9fono a 10 d\u00edgitos<br \/>\n<span class=\"wpcf7-form-control-wrap\" data-name=\"tel-656\"><input size=\"40\" maxlength=\"400\" class=\"wpcf7-form-control wpcf7-tel wpcf7-validates-as-required wpcf7-text wpcf7-validates-as-tel\" autocomplete=\"tel\" aria-required=\"true\" aria-invalid=\"false\" value=\"\" type=\"tel\" name=\"tel-656\" \/><\/span>\n<\/p>\n<p>Me interesa<br \/>\n<span class=\"wpcf7-form-control-wrap\" data-name=\"select-39\"><select class=\"wpcf7-form-control wpcf7-select wpcf7-validates-as-required\" aria-required=\"true\" aria-invalid=\"false\" name=\"select-39\"><option value=\"Visita t\u00e9cnica\">Visita t\u00e9cnica<\/option><option value=\"Maim Deluxe\">Maim Deluxe<\/option><option value=\"Maim\">Maim<\/option><option value=\"Maim Touch\">Maim Touch<\/option><option value=\"Eco-Maim\">Eco-Maim<\/option><option value=\"Maim semi-nuevo\">Maim semi-nuevo<\/option><option value=\"Maim soda\">Maim soda<\/option><\/select><\/span>\n<\/p>\n<p><label>Mensaje<br \/>\n<span class=\"wpcf7-form-control-wrap\" data-name=\"your-message\"><textarea cols=\"40\" rows=\"10\" maxlength=\"2000\" class=\"wpcf7-form-control wpcf7-textarea\" aria-invalid=\"false\" name=\"your-message\"><\/textarea><\/span> <\/label>\n<\/p>\n<p><input class=\"wpcf7-form-control wpcf7-submit has-spinner\" type=\"submit\" value=\"Enviar\" \/>\n<\/p><div class=\"wpcf7-response-output\" aria-hidden=\"true\"><\/div>\n<\/form>\n<\/div>\n\t\t\t\t\t\t\t\t<\/div>\n\t\t\t\t<\/div>\n\t\t\t\t\t<\/div>\n\t\t<\/div>\n\t\t\t\t\t<\/div>\n\t\t<\/section>\n\t\t\t\t\t<\/div>\n\t\t<\/div>\n\t\t\t\t\t<\/div>\n\t\t<\/section>\n\t\t\t\t<\/div>\n\t\t","protected":false},"excerpt":{"rendered":"<p>Blog<\/p>\n","protected":false},"author":1,"featured_media":0,"parent":0,"menu_order":0,"comment_status":"closed","ping_status":"closed","template":"elementor_header_footer","meta":{"footnotes":""},"class_list":["post-2961","page","type-page","status-publish","hentry"],"_links":{"self":[{"href":"https:\/\/maim.mx\/blog\/wp-json\/wp\/v2\/pages\/2961","targetHints":{"allow":["GET"]}}],"collection":[{"href":"https:\/\/maim.mx\/blog\/wp-json\/wp\/v2\/pages"}],"about":[{"href":"https:\/\/maim.mx\/blog\/wp-json\/wp\/v2\/types\/page"}],"author":[{"embeddable":true,"href":"https:\/\/maim.mx\/blog\/wp-json\/wp\/v2\/users\/1"}],"replies":[{"embeddable":true,"href":"https:\/\/maim.mx\/blog\/wp-json\/wp\/v2\/comments?post=2961"}],"version-history":[{"count":20,"href":"https:\/\/maim.mx\/blog\/wp-json\/wp\/v2\/pages\/2961\/revisions"}],"predecessor-version":[{"id":3258,"href":"https:\/\/maim.mx\/blog\/wp-json\/wp\/v2\/pages\/2961\/revisions\/3258"}],"wp:attachment":[{"href":"https:\/\/maim.mx\/blog\/wp-json\/wp\/v2\/media?parent=2961"}],"curies":[{"name":"wp","href":"https:\/\/api.w.org\/{rel}","templated":true}]}}